{"id":104,"date":"2025-05-02T10:57:06","date_gmt":"2025-05-02T08:57:06","guid":{"rendered":"https:\/\/degrassi-srls.com\/shop\/?post_type=product&#038;p=104"},"modified":"2025-06-01T21:30:23","modified_gmt":"2025-06-01T19:30:23","slug":"1x-rental-plan-pro","status":"publish","type":"product","link":"https:\/\/degrassi-srls.com\/shop\/product\/1x-rental-plan-pro\/","title":{"rendered":"1x rental plan &#8211; PRO"},"content":{"rendered":"<h3><strong>PRO Rental Plan<\/strong><\/h3>\n<ul>\n<li>Rental period: 3-year<\/li>\n<li>Hand harvesting and processing<\/li>\n<li>Organic quality Price fixing<\/li>\n<li>Includes oil: approx. 27 litres\/rental period<\/li>\n<li>Delivery included<\/li>\n<\/ul>\n<p>The cost of 1 litre of oil is approx. \u20ac18<\/p>\n<p>&nbsp;<\/p>\n<p><span data-huuid=\"975327766469154110\">Extra virgin olive oil (EVOO) is the highest quality olive oil, produced by cold-pressing olives without the use of heat or chemicals. <\/span><span data-huuid=\"975327766469156825\">It\u2019s unrefined and retains the natural flavors, nutrients, and aromas of the olives, resulting in a richer, more flavorful oil. <\/span><span data-huuid=\"975327766469155444\">EVOO is characterized by its fruity, peppery, and sometimes bitter notes, and it should be free of defects.<span class=\"pjBG2e\" data-cid=\"55b6773e-49ee-4c76-ad57-eab71cc246de\"><span class=\"UV3uM\"><br \/>\n<\/span><\/span><\/span><\/p>\n<div class=\"WaaZC\">\n<div class=\"RJPOee EIJn2\">\n<div class=\"rPeykc\" data-hveid=\"CA0QAQ\" data-ved=\"2ahUKEwiD05Pg1LmNAxU38LsIHWKJHx4Qo_EKegQIDRAB\">\n<p><strong>Here\u2019s a more detailed look:<\/strong><\/p>\n<\/div>\n<\/div>\n<\/div>\n<div class=\"WaaZC\">\n<div class=\"RJPOee EIJn2\">\n<div class=\"rPeykc pyPiTc\" data-hveid=\"CBIQAQ\" data-ved=\"2ahUKEwiD05Pg1LmNAxU38LsIHWKJHx4Qo_EKegQIEhAB\"><span data-huuid=\"5564458976194759571\"><strong>Production:<\/strong> <\/span><\/div>\n<div data-hveid=\"CBIQAQ\" data-ved=\"2ahUKEwiD05Pg1LmNAxU38LsIHWKJHx4Qo_EKegQIEhAB\"><\/div>\n<\/div>\n<\/div>\n<div class=\"WaaZC\">\n<div class=\"RJPOee EIJn2\"><span data-huuid=\"5564458976194757662\">EVOO is produced solely through mechanical or physical methods, without the use of solvents or heat.<span class=\"pjBG2e\" data-cid=\"e6762148-9184-4717-aee9-9e4143dbfd39\"><span class=\"UV3uM\"><br \/>\n<\/span><\/span><\/span><\/p>\n<div class=\"BMebGe btku5b fCrZyc LwdV0e FR7ZSc OJeuxf\" tabindex=\"0\" role=\"button\" aria-label=\"Kapcsol\u00f3d\u00f3 linkek megjelen\u00edt\u00e9se\" data-hveid=\"CBYQAQ\" data-ved=\"2ahUKEwiD05Pg1LmNAxU38LsIHWKJHx4Q3fYKegQIFhAB\">\n<div class=\"niO4u\">\n<div class=\"kHtcsd\"><span data-huuid=\"5564458976194759120\">The oil is extracted from olives at a temperature that does not alter its composition, typically below 75\u00b0F (24\u00b0C).<span class=\"pjBG2e\" data-cid=\"8c08c84b-feba-458a-8bd6-69195413eb9b\"><span class=\"UV3uM\">\u00a0<\/span><\/span><\/span><\/div>\n<\/div>\n<\/div>\n<div class=\"NPrrbc\" data-cid=\"8c08c84b-feba-458a-8bd6-69195413eb9b\" data-uuids=\"5564458976194759120\">\n<div class=\"BMebGe btku5b fCrZyc LwdV0e FR7ZSc OJeuxf\" tabindex=\"0\" role=\"button\" aria-label=\"Kapcsol\u00f3d\u00f3 linkek megjelen\u00edt\u00e9se\" data-hveid=\"CBsQAQ\" data-ved=\"2ahUKEwiD05Pg1LmNAxU38LsIHWKJHx4Q3fYKegQIGxAB\">\n<div class=\"niO4u\">\n<div class=\"kHtcsd\"><span data-huuid=\"5564458976194760578\">It undergoes minimal processing, such as washing, decanting, centrifuging, and filtering.<span class=\"pjBG2e\" data-cid=\"b61a6db7-4f01-44e5-b4f7-b8293618813e\"><span class=\"UV3uM\">\u00a0<\/span><\/span><\/span><\/div>\n<\/div>\n<\/div>\n<\/div>\n<div class=\"NPrrbc\" data-cid=\"b61a6db7-4f01-44e5-b4f7-b8293618813e\" data-uuids=\"5564458976194760578\">\n<div class=\"BMebGe btku5b fCrZyc LwdV0e FR7ZSc OJeuxf\" tabindex=\"0\" role=\"button\" aria-label=\"Kapcsol\u00f3d\u00f3 linkek megjelen\u00edt\u00e9se\" data-hveid=\"CBwQAQ\" data-ved=\"2ahUKEwiD05Pg1LmNAxU38LsIHWKJHx4Q3fYKegQIHBAB\">\n<div class=\"niO4u\">\n<div><\/div>\n<div class=\"kHtcsd\"><strong>Characteristics:<\/strong><\/div>\n<\/div>\n<\/div>\n<\/div>\n<\/div>\n<\/div>\n<div class=\"WaaZC\">\n<div class=\"RJPOee EIJn2\">\n<ul data-hveid=\"CDwQAQ\" data-ved=\"2ahUKEwiD05Pg1LmNAxU38LsIHWKJHx4Qm_YKegQIPBAB\">\n<li class=\"K3KsMc\">\n<div class=\"zMgcWd dSKvsb\" data-il=\"\">\n<div data-crb-p=\"\">\n<div class=\"xFTqob\">\n<div class=\"Gur8Ad\"><span data-huuid=\"4604233995128507653\"><strong>Taste:<\/strong> <\/span><\/div>\n<div class=\"vM0jzc\">\n<p><span data-huuid=\"4604233995128507252\">EVOO has a complex flavor profile, ranging from mild to intense, with notes of fruit, pepper, and sometimes bitterness, depending on the olive variety and extraction process.<span class=\"pjBG2e\" data-cid=\"17cacbcf-2411-4bdd-8a40-4bf441666501\"><span class=\"UV3uM\">\u00a0<\/span><\/span><\/span><\/p>\n<\/div>\n<\/div>\n<\/div>\n<\/div>\n<\/li>\n<\/ul>\n<\/div>\n<\/div>\n<ul>\n<li class=\"K3KsMc\">\n<div class=\"zMgcWd dSKvsb\" data-il=\"\">\n<div data-crb-p=\"\">\n<div class=\"xFTqob\">\n<div class=\"Gur8Ad\"><span data-huuid=\"4604233995128506450\"><strong>Color:<\/strong> <\/span><\/div>\n<div class=\"vM0jzc\">\n<p><span data-huuid=\"4604233995128506049\">The color can vary from light green to dark green, depending on the olive variety and ripeness.<span class=\"pjBG2e\" data-cid=\"fb0e8ace-ad84-4d42-928f-d73257ccbfdb\"><span class=\"UV3uM\">\u00a0<\/span><\/span><\/span><\/p>\n<\/div>\n<\/div>\n<\/div>\n<\/div>\n<\/li>\n<li class=\"K3KsMc\">\n<div class=\"zMgcWd dSKvsb\" data-il=\"\">\n<div data-crb-p=\"\">\n<div class=\"xFTqob\">\n<div class=\"Gur8Ad\"><span data-huuid=\"4604233995128505247\"><strong>Acidity:<\/strong> <\/span><\/div>\n<div class=\"vM0jzc\">\n<p><span data-huuid=\"4604233995128504846\">EVOO must have a free fatty acid (FFA) level of 0.8% or less (0.8 g per 100 g).<span class=\"pjBG2e\" data-cid=\"fbd8324f-a987-41c5-8e96-4e450c364ef8\"><span class=\"UV3uM\">\u00a0<\/span><\/span><\/span><\/p>\n<\/div>\n<\/div>\n<\/div>\n<\/div>\n<\/li>\n<li class=\"K3KsMc\">\n<div class=\"zMgcWd dSKvsb\" data-il=\"\">\n<div data-crb-p=\"\">\n<div class=\"xFTqob\">\n<div class=\"Gur8Ad\"><span data-huuid=\"4604233995128508140\"><strong>Health Benefits:<\/strong> <\/span><\/div>\n<div class=\"vM0jzc\">\n<p><span data-huuid=\"4604233995128507739\">EVOO is rich in monounsaturated fats, antioxidants, and vitamins, and it\u2019s associated with potential health benefits, including improved heart health and reduced inflammation.<span class=\"pjBG2e\" data-cid=\"3563531d-1dc4-42af-a553-1f1bc3aed3d2\"><span class=\"UV3uM\">\u00a0<\/span><\/span><\/span><\/p>\n<\/div>\n<\/div>\n<\/div>\n<\/div>\n<\/li>\n<li class=\"K3KsMc\">\n<div class=\"zMgcWd dSKvsb\" data-il=\"\">\n<div data-crb-p=\"\">\n<div class=\"xFTqob\">\n<div class=\"Gur8Ad\"><span data-huuid=\"4604233995128506937\"><strong>Quality:<\/strong> <\/span><\/div>\n<div class=\"vM0jzc\">\n<p><span data-huuid=\"4604233995128506536\">To be certified as extra virgin, the oil must pass rigorous quality checks, including sensory panel tasting for flavor defects and laboratory testing for acidity and peroxide values.<span class=\"pjBG2e\" data-cid=\"24f5f323-185b-4aac-b001-ba353f3fd987\"><span class=\"UV3uM\">\u00a0<\/span><\/span><\/span><\/p>\n<\/div>\n<\/div>\n<\/div>\n<\/div>\n<\/li>\n<\/ul>\n<div class=\"WaaZC\">\n<div class=\"RJPOee EIJn2\">\n<div class=\"rPeykc pyPiTc\" data-hveid=\"CEQQAQ\" data-ved=\"2ahUKEwiD05Pg1LmNAxU38LsIHWKJHx4Qo_EKegQIRBAB\">\n<p><span data-huuid=\"9006886387918632675\">In summary, extra virgin olive oil is the most desirable olive oil, prized for its flavor, health benefits, and minimal processing, making it a healthier and tastier cooking oil than other types.<\/span><\/p>\n<\/div>\n<\/div>\n<\/div>\n","protected":false},"excerpt":{"rendered":"<h3><strong>PRO Rental Plan<\/strong><\/h3>\n<ul>\n<li>Rental period: 3-year<\/li>\n<li>Hand harvesting and processing<\/li>\n<li>Organic quality<\/li>\n<li>Price fixing<\/li>\n<li>Includes oil: approx.27 litres\/rental period<\/li>\n<li>Delivery included<\/li>\n<\/ul>\n<p>The cost of 1 litre of oil is approx. \u20ac18<\/p>\n","protected":false},"featured_media":147,"comment_status":"open","ping_status":"closed","template":"","meta":[],"product_brand":[],"product_cat":[17],"product_tag":[],"class_list":{"0":"post-104","1":"product","2":"type-product","3":"status-publish","4":"has-post-thumbnail","6":"product_cat-rental-plan","7":"resize-featured-image","8":"sales-flash-overlay","9":"woocommerce-text-align-center","10":"woocommerce-image-align-center","11":"do-quantity-buttons","13":"first","14":"instock","15":"virtual","16":"purchasable","17":"product-type-simple"},"_links":{"self":[{"href":"https:\/\/degrassi-srls.com\/shop\/wp-json\/wp\/v2\/product\/104","targetHints":{"allow":["GET"]}}],"collection":[{"href":"https:\/\/degrassi-srls.com\/shop\/wp-json\/wp\/v2\/product"}],"about":[{"href":"https:\/\/degrassi-srls.com\/shop\/wp-json\/wp\/v2\/types\/product"}],"replies":[{"embeddable":true,"href":"https:\/\/degrassi-srls.com\/shop\/wp-json\/wp\/v2\/comments?post=104"}],"wp:featuredmedia":[{"embeddable":true,"href":"https:\/\/degrassi-srls.com\/shop\/wp-json\/wp\/v2\/media\/147"}],"wp:attachment":[{"href":"https:\/\/degrassi-srls.com\/shop\/wp-json\/wp\/v2\/media?parent=104"}],"wp:term":[{"taxonomy":"product_brand","embeddable":true,"href":"https:\/\/degrassi-srls.com\/shop\/wp-json\/wp\/v2\/product_brand?post=104"},{"taxonomy":"product_cat","embeddable":true,"href":"https:\/\/degrassi-srls.com\/shop\/wp-json\/wp\/v2\/product_cat?post=104"},{"taxonomy":"product_tag","embeddable":true,"href":"https:\/\/degrassi-srls.com\/shop\/wp-json\/wp\/v2\/product_tag?post=104"}],"curies":[{"name":"wp","href":"https:\/\/api.w.org\/{rel}","templated":true}]}}